{"id":38,"date":"2025-10-22T08:03:18","date_gmt":"2025-10-22T06:03:18","guid":{"rendered":"https:\/\/sabine-sailing.com\/?page_id=38"},"modified":"2025-10-22T08:03:46","modified_gmt":"2025-10-22T06:03:46","slug":"cgv","status":"publish","type":"page","link":"https:\/\/sabine-sailing.com\/en\/cgv\/","title":{"rendered":"Conditions g\u00e9n\u00e9rales de vente &#8211; octobre 2025"},"content":{"rendered":"<h2 class=\"wp-block-heading\">1. Objet<\/h2>\n\n\n\n<p>Les pr\u00e9sentes conditions g\u00e9n\u00e9rales d\u00e9finissent les modalit\u00e9s de vente et de participation aux croisi\u00e8res organis\u00e9es \u00e0 bord de notre voilier. Toute r\u00e9servation implique l\u2019acceptation int\u00e9grale des pr\u00e9sentes CGV.<\/p>\n\n\n\n<h2 class=\"wp-block-heading\">2. Prestations incluses dans le prix<\/h2>\n\n\n\n<ul class=\"wp-block-list\">\n<li>\u2022 H\u00e9bergement \u00e0 bord du voilier dans les cabines pr\u00e9vues.<\/li>\n\n\n\n<li>\u2022 Services du skipper professionnel.<\/li>\n\n\n\n<li>\u2022 Pr\u00e9sence d\u2019un matelot\/cuisinier.<\/li>\n\n\n\n<li>\u2022 Pension compl\u00e8te : Petit-d\u00e9jeuner international, D\u00e9jeuner l\u00e9ger, D\u00eener italien\u00a0*<\/li>\n\n\n\n<li>\u2022 Boissons incluses : Eau, caf\u00e9, th\u00e9, jus de fruit au petit-d\u00e9jeuner. Pendant les repas : eau, jus de fruits, sodas.\u00a0*<\/li>\n\n\n\n<li>\u2022 Linge de lit, serviettes de toilette et serviettes de plage.<\/li>\n\n\n\n<li>\u2022 Mise \u00e0 disposition du mat\u00e9riel de loisirs : snorkeling, kayak, paddle.<\/li>\n\n\n\n<li>\u2022 Frais de mouillage.<\/li>\n\n\n\n<li>\u2022 Consommation de gasoil n\u00e9cessaire au programme.\u00a0*<\/li>\n\n\n\n<li>* inclus seulement en croisi\u00e8re \u00e0 la cabine, en privatisation compter \u00e0 peu pr\u00e8s 20\u20ac\/J et \/personne, d\u00e9pos\u00e9 par vos soin sur un compte d\u00e9di\u00e9, le surplus vous sera rendu en fin de croisi\u00e8re.<\/li>\n<\/ul>\n\n\n\n<h2 class=\"wp-block-heading\">3. Prestations non incluses<\/h2>\n\n\n\n<ul class=\"wp-block-list\">\n<li>\u2022 Transport jusqu\u2019au lieu de rendez-vous et retour.<\/li>\n\n\n\n<li>\u2022 Boissons alcoolis\u00e9es ou hors formule.<\/li>\n\n\n\n<li>\u2022 Frais de port \u00e9ventuels.<\/li>\n\n\n\n<li>\u2022 Taxes touristiques locales.<\/li>\n\n\n\n<li>\u2022 Restaurants ou activit\u00e9s \u00e0 terre non pr\u00e9vues.<\/li>\n\n\n\n<li>\u2022 Activit\u00e9s facultatives payantes : Bou\u00e9e tract\u00e9e (15 min), Wakeboard (15 min), Location de paddle \u00e9lectrique, Location de scooter sous-marin\u2026<\/li>\n<\/ul>\n\n\n\n<h2 class=\"wp-block-heading\">4. R\u00e9servation et paiement<\/h2>\n\n\n\n<p>\u2022 Croisi\u00e8re \u00e0 la cabine : Acompte de 20% \u00e0 la r\u00e9servation. Solde d\u00fb 45 jours avant le d\u00e9part.<br>\u2022 Croisi\u00e8re en privatisation : Acompte de 10% \u00e0 la r\u00e9servation. Solde d\u00fb 60 jours avant le d\u00e9part.<\/p>\n\n\n\n<h2 class=\"wp-block-heading\">5. Conditions d\u2019annulation de votre part<\/h2>\n\n\n\n<p>L\u2019acompte n\u2019est pas remboursable et sera retenu pour une annulation plus de 60 jours avant le d\u00e9part. Entre 0 et 60 jours avant le d\u00e9part, aucun remboursement<\/p>\n\n\n\n<p>Non-pr\u00e9sentation le jour du d\u00e9part : aucun remboursement.<\/p>\n\n\n\n<h2 class=\"wp-block-heading\">6. Annulation ou modification par l\u2019organisateur<\/h2>\n\n\n\n<p>En cas de force majeure, d\u2019impr\u00e9vu technique ou de conditions m\u00e9t\u00e9orologiques d\u00e9favorables, l\u2019organisateur pourra reporter ou annuler la croisi\u00e8re. Le montant vers\u00e9 sera alors int\u00e9gralement rembours\u00e9, sans autre indemnit\u00e9.<\/p>\n\n\n\n<h2 class=\"wp-block-heading\">7. Responsabilit\u00e9s et assurances<\/h2>\n\n\n\n<p>\u2022 Chaque passager doit disposer d\u2019une assurance voyage personnelle couvrant les risques m\u00e9dicaux, de rapatriement et d\u2019annulation.<br>\u2022 Le skipper est responsable des d\u00e9cisions de navigation et de s\u00e9curit\u00e9. Ses instructions doivent \u00eatre respect\u00e9es en toutes circonstances.<br>\u2022 L\u2019organisateur n\u2019est pas responsable des accidents survenus lors d\u2019activit\u00e9s non pr\u00e9vues ou r\u00e9alis\u00e9es \u00e0 terre.<\/p>\n\n\n\n<h2 class=\"wp-block-heading\">8. Vie \u00e0 bord<\/h2>\n\n\n\n<p>\u2022 Les passagers s\u2019engagent \u00e0 respecter le bateau, l\u2019\u00e9quipage et les autres passagers.<br>\u2022 Une attitude respectueuse envers l\u2019environnement marin est exig\u00e9e.<br>\u2022 En cas de comportement dangereux ou inadapt\u00e9 (alcool excessif, non-respect des r\u00e8gles de s\u00e9curit\u00e9), l\u2019organisateur se r\u00e9serve le droit de d\u00e9barquer le passager sans remboursement.<\/p>\n\n\n\n<h2 class=\"wp-block-heading\">9. Litiges<\/h2>\n\n\n\n<p>Tout litige relatif \u00e0 l\u2019ex\u00e9cution ou l\u2019interpr\u00e9tation des pr\u00e9sentes conditions rel\u00e8ve de la comp\u00e9tence exclusive des tribunaux du si\u00e8ge social de l\u2019organisateur.<\/p>","protected":false},"excerpt":{"rendered":"<p>1. Objet Les pr\u00e9sentes conditions g\u00e9n\u00e9rales d\u00e9finissent les modalit\u00e9s de vente et de participation aux croisi\u00e8res organis\u00e9es \u00e0 bord de notre voilier. Toute r\u00e9servation implique l\u2019acceptation int\u00e9grale des pr\u00e9sentes CGV. 2. Prestations incluses dans le prix 3. Prestations non incluses 4. R\u00e9servation et paiement \u2022 Croisi\u00e8re \u00e0 la cabine : Acompte de 20% \u00e0 la [&hellip;]<\/p>\n","protected":false},"author":1,"featured_media":0,"parent":0,"menu_order":0,"comment_status":"closed","ping_status":"closed","template":"","meta":{"site-sidebar-layout":"default","site-content-layout":"","ast-site-content-layout":"default","site-content-style":"default","site-sidebar-style":"default","ast-global-header-display":"","ast-banner-title-visibility":"","ast-main-header-display":"","ast-hfb-above-header-display":"","ast-hfb-below-header-display":"","ast-hfb-mobile-header-display":"","site-post-title":"","ast-breadcrumbs-content":"","ast-featured-img":"","footer-sml-layout":"","ast-disable-related-posts":"","theme-transparent-header-meta":"","adv-header-id-meta":"","stick-header-meta":"","header-above-stick-meta":"","header-main-stick-meta":"","header-below-stick-meta":"","astra-migrate-meta-layouts":"set","ast-page-background-enabled":"default","ast-page-background-meta":{"desktop":{"background-color":"","background-image":"","background-repeat":"repeat","background-position":"center center","background-size":"auto","background-attachment":"scroll","background-type":"","background-media":"","overlay-type":"","overlay-color":"","overlay-opacity":"","overlay-gradient":""},"tablet":{"background-color":"","background-image":"","background-repeat":"repeat","background-position":"center center","background-size":"auto","background-attachment":"scroll","background-type":"","background-media":"","overlay-type":"","overlay-color":"","overlay-opacity":"","overlay-gradient":""},"mobile":{"background-color":"","background-image":"","background-repeat":"repeat","background-position":"center center","background-size":"auto","background-attachment":"scroll","background-type":"","background-media":"","overlay-type":"","overlay-color":"","overlay-opacity":"","overlay-gradient":""}},"ast-content-background-meta":{"desktop":{"background-color":"var(--ast-global-color-5)","background-image":"","background-repeat":"repeat","background-position":"center center","background-size":"auto","background-attachment":"scroll","background-type":"","background-media":"","overlay-type":"","overlay-color":"","overlay-opacity":"","overlay-gradient":""},"tablet":{"background-color":"var(--ast-global-color-5)","background-image":"","background-repeat":"repeat","background-position":"center center","background-size":"auto","background-attachment":"scroll","background-type":"","background-media":"","overlay-type":"","overlay-color":"","overlay-opacity":"","overlay-gradient":""},"mobile":{"background-color":"var(--ast-global-color-5)","background-image":"","background-repeat":"repeat","background-position":"center center","background-size":"auto","background-attachment":"scroll","background-type":"","background-media":"","overlay-type":"","overlay-color":"","overlay-opacity":"","overlay-gradient":""}},"footnotes":""},"class_list":["post-38","page","type-page","status-publish","hentry"],"jetpack_sharing_enabled":true,"_links":{"self":[{"href":"https:\/\/sabine-sailing.com\/en\/wp-json\/wp\/v2\/pages\/38","targetHints":{"allow":["GET"]}}],"collection":[{"href":"https:\/\/sabine-sailing.com\/en\/wp-json\/wp\/v2\/pages"}],"about":[{"href":"https:\/\/sabine-sailing.com\/en\/wp-json\/wp\/v2\/types\/page"}],"author":[{"embeddable":true,"href":"https:\/\/sabine-sailing.com\/en\/wp-json\/wp\/v2\/users\/1"}],"replies":[{"embeddable":true,"href":"https:\/\/sabine-sailing.com\/en\/wp-json\/wp\/v2\/comments?post=38"}],"version-history":[{"count":1,"href":"https:\/\/sabine-sailing.com\/en\/wp-json\/wp\/v2\/pages\/38\/revisions"}],"predecessor-version":[{"id":1041,"href":"https:\/\/sabine-sailing.com\/en\/wp-json\/wp\/v2\/pages\/38\/revisions\/1041"}],"wp:attachment":[{"href":"https:\/\/sabine-sailing.com\/en\/wp-json\/wp\/v2\/media?parent=38"}],"curies":[{"name":"wp","href":"https:\/\/api.w.org\/{rel}","templated":true}]}}