{"id":1261,"date":"2025-10-25T05:11:47","date_gmt":"2025-10-25T03:11:47","guid":{"rendered":"https:\/\/sabine-sailing.com\/?post_type=product&#038;p=1261"},"modified":"2026-04-10T13:16:57","modified_gmt":"2026-04-10T11:16:57","slug":"private-charter-mediterranean-caribbean","status":"publish","type":"product","link":"https:\/\/sabine-sailing.com\/en\/product\/private-charter-mediterranean-caribbean\/","title":{"rendered":"Private Charter \u2014 Mediterranean \/ Caribbean"},"content":{"rendered":"\t\t<div data-elementor-type=\"wp-post\" data-elementor-id=\"1261\" class=\"elementor elementor-1261\">\n\t\t\t\t<div class=\"elementor-element elementor-element-94e8152 e-flex e-con-boxed e-con e-parent\" data-id=\"94e8152\" data-element_type=\"container\" data-e-type=\"container\">\n\t\t\t\t\t<div class=\"e-con-inner\">\n\t\t<div class=\"elementor-element elementor-element-99d23cd e-con-full e-flex e-con e-child\" data-id=\"99d23cd\" data-element_type=\"container\" data-e-type=\"container\">\n\t\t\t\t<div class=\"elementor-element elementor-element-0b14386 elementor-widget elementor-widget-heading\" data-id=\"0b14386\" data-element_type=\"widget\" data-e-type=\"widget\" data-widget_type=\"heading.default\">\n\t\t\t\t<div class=\"elementor-widget-container\">\n\t\t\t\t\t<h2 class=\"elementor-heading-title elementor-size-default\">Croisi\u00e8re privative - Lagoon 570 Sabine<\/h2>\t\t\t\t<\/div>\n\t\t\t\t<\/div>\n\t\t\t\t<div class=\"elementor-element elementor-element-b8dd1ea elementor-widget elementor-widget-text-editor\" data-id=\"b8dd1ea\" data-element_type=\"widget\" data-e-type=\"widget\" data-widget_type=\"text-editor.default\">\n\t\t\t\t<div class=\"elementor-widget-container\">\n\t\t\t\t\t\t\t\t\t<p>Profitez de notre offre de Location catamaran journ\u00e9e la ciotat pour explorer les magnifiques paysages de la r\u00e9gion.<\/p>\t\t\t\t\t\t\t\t<\/div>\n\t\t\t\t<\/div>\n\t\t\t\t<\/div>\n\t\t<div class=\"elementor-element elementor-element-dc24e12 e-con-full e-flex e-con e-child\" data-id=\"dc24e12\" data-element_type=\"container\" data-e-type=\"container\">\n\t\t\t\t<div class=\"elementor-element elementor-element-1035cd9 elementor-widget elementor-widget-text-editor\" data-id=\"1035cd9\" data-element_type=\"widget\" data-e-type=\"widget\" data-widget_type=\"text-editor.default\">\n\t\t\t\t<div class=\"elementor-widget-container\">\n\t\t\t\t\t\t\t\t\t<p>Privatisez le Lagoon 570 Sabine pour votre groupe de\u00a0 8 au d\u00e9part de La Ciotat, Figari, Pointe \u00e0 Pitre ou Fort de France pour une petite croisi\u00e8re entre amis !<\/p>\t\t\t\t\t\t\t\t<\/div>\n\t\t\t\t<\/div>\n\t\t\t\t<div class=\"elementor-element elementor-element-a82352a elementor-widget elementor-widget-heading\" data-id=\"a82352a\" data-element_type=\"widget\" data-e-type=\"widget\" data-widget_type=\"heading.default\">\n\t\t\t\t<div class=\"elementor-widget-container\">\n\t\t\t\t\t<h2 class=\"elementor-heading-title elementor-size-default\">L'exp\u00e9rience Sabine Sailing<\/h2>\t\t\t\t<\/div>\n\t\t\t\t<\/div>\n\t\t\t\t<div class=\"elementor-element elementor-element-9002288 elementor-widget elementor-widget-text-editor\" data-id=\"9002288\" data-element_type=\"widget\" data-e-type=\"widget\" data-widget_type=\"text-editor.default\">\n\t\t\t\t<div class=\"elementor-widget-container\">\n\t\t\t\t\t\t\t\t\t<article class=\"text-token-text-primary w-full focus:outline-none [--shadow-height:45px] has-data-writing-block:pointer-events-none has-data-writing-block:-mt-(--shadow-height) has-data-writing-block:pt-(--shadow-height) [&amp;:has([data-writing-block])&gt;*]:pointer-events-auto scroll-mt-(--header-height)\" dir=\"auto\" tabindex=\"-1\" data-turn-id=\"6d24e8fd-ea74-44bf-8a4f-21edbf77573b\" data-testid=\"conversation-turn-1\" data-scroll-anchor=\"false\" data-turn=\"user\"><\/article><article class=\"text-token-text-primary w-full focus:outline-none [--shadow-height:45px] has-data-writing-block:pointer-events-none has-data-writing-block:-mt-(--shadow-height) has-data-writing-block:pt-(--shadow-height) [&amp;:has([data-writing-block])&gt;*]:pointer-events-auto [content-visibility:auto] supports-[content-visibility:auto]:[contain-intrinsic-size:auto_100lvh] scroll-mt-[calc(var(--header-height)+min(200px,max(70px,20svh)))]\" dir=\"auto\" tabindex=\"-1\" data-turn-id=\"request-WEB:a4818749-5da9-4b20-b18a-fde9af8477ef-0\" data-testid=\"conversation-turn-2\" data-scroll-anchor=\"true\" data-turn=\"assistant\"><div class=\"text-base my-auto mx-auto pb-10 [--thread-content-margin:--spacing(4)] @w-sm\/main:[--thread-content-margin:--spacing(6)] @w-lg\/main:[--thread-content-margin:--spacing(16)] px-(--thread-content-margin)\"><div class=\"[--thread-content-max-width:40rem] @w-lg\/main:[--thread-content-max-width:48rem] mx-auto max-w-(--thread-content-max-width) flex-1 group\/turn-messages focus-visible:outline-hidden relative flex w-full min-w-0 flex-col agent-turn\" tabindex=\"-1\"><div class=\"flex max-w-full flex-col grow\"><div class=\"min-h-8 text-message relative flex w-full flex-col items-end gap-2 text-start break-words whitespace-normal [.text-message+&amp;]:mt-1\" dir=\"auto\" data-message-author-role=\"assistant\" data-message-id=\"c3eef85f-3fff-485c-9752-c773a03e104a\" data-message-model-slug=\"gpt-5-2\"><div class=\"flex w-full flex-col gap-1 empty:hidden first:pt-[1px]\"><div class=\"markdown prose dark:prose-invert w-full wrap-break-word light markdown-new-styling\"><p data-start=\"0\" data-end=\"249\">Embarquez pour une croisi\u00e8re sur mesure en M\u00e9diterran\u00e9e ou aux Cara\u00efbes, selon la saison.<br data-start=\"89\" data-end=\"92\" \/>Votre \u00e9quipage \u2014 skipper professionnel et matelot-cuisinier \u2014 vous guide vers les plus beaux mouillages tout en veillant \u00e0 votre confort et \u00e0 votre s\u00e9curit\u00e9.<\/p><p data-start=\"251\" data-end=\"417\">\u00c0 bord, profitez de vastes espaces de vie, d\u2019un cockpit ombrag\u00e9, d\u2019un trampoline avant pour vous d\u00e9tendre au soleil, ainsi que d\u2019un large choix d\u2019activit\u00e9s nautiques.<\/p><p data-start=\"419\" data-end=\"703\">Vivez une aventure nautique unique \u00e0 bord du Lagoon 570 <em data-start=\"475\" data-end=\"483\">Sabine<\/em> \u2014 un catamaran haut de gamme alliant confort, \u00e9l\u00e9gance et performance.<br data-start=\"554\" data-end=\"557\" \/>Profitez d\u2019une croisi\u00e8re enti\u00e8rement privatis\u00e9e avec un \u00e9quipage professionnel d\u00e9di\u00e9 \u00e0 votre bien-\u00eatre : skipper et marin cook \u00e0 votre service.<\/p><p data-start=\"705\" data-end=\"865\">Naviguez au gr\u00e9 de vos envies, en M\u00e9diterran\u00e9e ou aux Cara\u00efbes selon la saison, et d\u00e9couvrez les plus beaux mouillages, plages et villages c\u00f4tiers de la r\u00e9gion.<\/p><p data-start=\"867\" data-end=\"1030\">\u00c0 bord, savourez une cuisine raffin\u00e9e, d\u00e9tendez-vous sur le trampoline avant ou explorez des criques turquoise gr\u00e2ce au kayak et paddles mis \u00e0 votre disposition.<\/p><p data-start=\"1032\" data-end=\"1111\" data-is-last-node=\"\" data-is-only-node=\"\">Une exp\u00e9rience sur mesure m\u00ealant navigation, d\u00e9tente et art de vivre en mer. \ud83c\udf0a<\/p><\/div><\/div><\/div><\/div><\/div><\/div><\/article>\t\t\t\t\t\t\t\t<\/div>\n\t\t\t\t<\/div>\n\t\t\t\t<\/div>\n\t\t\t\t\t<\/div>\n\t\t\t\t<\/div>\n\t\t<div class=\"elementor-element elementor-element-d1a0f31 e-flex e-con-boxed e-con e-parent\" data-id=\"d1a0f31\" data-element_type=\"container\" data-e-type=\"container\">\n\t\t\t\t\t<div class=\"e-con-inner\">\n\t\t<div class=\"elementor-element elementor-element-e2999a6 e-con-full e-flex e-con e-child\" data-id=\"e2999a6\" data-element_type=\"container\" data-e-type=\"container\">\n\t\t\t\t<div class=\"elementor-element elementor-element-7c4e95f elementor-widget elementor-widget-image\" data-id=\"7c4e95f\" data-element_type=\"widget\" data-e-type=\"widget\" data-widget_type=\"image.default\">\n\t\t\t\t<div class=\"elementor-widget-container\">\n\t\t\t\t\t\t\t\t\t\t\t\t\t\t\t<img fetchpriority=\"high\" decoding=\"async\" width=\"1024\" height=\"686\" src=\"https:\/\/sabine-sailing.com\/wp-content\/uploads\/2025\/10\/catamaran-6574213_1280-1024x686.jpg\" class=\"attachment-large size-large wp-image-1291\" alt=\"\" srcset=\"https:\/\/sabine-sailing.com\/wp-content\/uploads\/2025\/10\/catamaran-6574213_1280-1024x686.jpg 1024w, https:\/\/sabine-sailing.com\/wp-content\/uploads\/2025\/10\/catamaran-6574213_1280-300x201.jpg 300w, https:\/\/sabine-sailing.com\/wp-content\/uploads\/2025\/10\/catamaran-6574213_1280-768x514.jpg 768w, https:\/\/sabine-sailing.com\/wp-content\/uploads\/2025\/10\/catamaran-6574213_1280-18x12.jpg 18w, https:\/\/sabine-sailing.com\/wp-content\/uploads\/2025\/10\/catamaran-6574213_1280-600x402.jpg 600w, https:\/\/sabine-sailing.com\/wp-content\/uploads\/2025\/10\/catamaran-6574213_1280.jpg 1280w\" sizes=\"(max-width: 1024px) 100vw, 1024px\" \/>\t\t\t\t\t\t\t\t\t\t\t\t\t\t\t<\/div>\n\t\t\t\t<\/div>\n\t\t\t\t<\/div>\n\t\t<div class=\"elementor-element elementor-element-946aaae e-con-full e-flex e-con e-child\" data-id=\"946aaae\" data-element_type=\"container\" data-e-type=\"container\">\n\t\t\t\t<div class=\"elementor-element elementor-element-b3a66af elementor-widget elementor-widget-image\" data-id=\"b3a66af\" data-element_type=\"widget\" data-e-type=\"widget\" data-widget_type=\"image.default\">\n\t\t\t\t<div class=\"elementor-widget-container\">\n\t\t\t\t\t\t\t\t\t\t\t\t\t\t\t<img decoding=\"async\" width=\"1024\" height=\"682\" src=\"https:\/\/sabine-sailing.com\/wp-content\/uploads\/2025\/10\/boats-shipping-sea-sunset-1024x682.jpg\" class=\"attachment-large size-large wp-image-1277\" alt=\"\" srcset=\"https:\/\/sabine-sailing.com\/wp-content\/uploads\/2025\/10\/boats-shipping-sea-sunset-1024x682.jpg 1024w, https:\/\/sabine-sailing.com\/wp-content\/uploads\/2025\/10\/boats-shipping-sea-sunset-300x200.jpg 300w, https:\/\/sabine-sailing.com\/wp-content\/uploads\/2025\/10\/boats-shipping-sea-sunset-768x512.jpg 768w, https:\/\/sabine-sailing.com\/wp-content\/uploads\/2025\/10\/boats-shipping-sea-sunset-1536x1023.jpg 1536w, https:\/\/sabine-sailing.com\/wp-content\/uploads\/2025\/10\/boats-shipping-sea-sunset-2048x1364.jpg 2048w, https:\/\/sabine-sailing.com\/wp-content\/uploads\/2025\/10\/boats-shipping-sea-sunset-18x12.jpg 18w, https:\/\/sabine-sailing.com\/wp-content\/uploads\/2025\/10\/boats-shipping-sea-sunset-600x400.jpg 600w\" sizes=\"(max-width: 1024px) 100vw, 1024px\" \/>\t\t\t\t\t\t\t\t\t\t\t\t\t\t\t<\/div>\n\t\t\t\t<\/div>\n\t\t\t\t<\/div>\n\t\t\t\t\t<\/div>\n\t\t\t\t<\/div>\n\t\t<div class=\"elementor-element elementor-element-23f56fc e-flex e-con-boxed e-con e-parent\" data-id=\"23f56fc\" data-element_type=\"container\" data-e-type=\"container\">\n\t\t\t\t\t<div class=\"e-con-inner\">\n\t\t<div class=\"elementor-element elementor-element-c2b14aa e-con-full e-flex e-con e-child\" data-id=\"c2b14aa\" data-element_type=\"container\" data-e-type=\"container\">\n\t\t\t\t<div class=\"elementor-element elementor-element-f2a1f1d elementor-widget elementor-widget-heading\" data-id=\"f2a1f1d\" data-element_type=\"widget\" data-e-type=\"widget\" data-widget_type=\"heading.default\">\n\t\t\t\t<div class=\"elementor-widget-container\">\n\t\t\t\t\t<h2 class=\"elementor-heading-title elementor-size-default\">Inlclus et non inclus en privatisation<\/h2>\t\t\t\t<\/div>\n\t\t\t\t<\/div>\n\t\t\t\t<div class=\"elementor-element elementor-element-cca5a82 elementor-widget elementor-widget-spacer\" data-id=\"cca5a82\" data-element_type=\"widget\" data-e-type=\"widget\" data-widget_type=\"spacer.default\">\n\t\t\t\t<div class=\"elementor-widget-container\">\n\t\t\t\t\t\t\t<div class=\"elementor-spacer\">\n\t\t\t<div class=\"elementor-spacer-inner\"><\/div>\n\t\t<\/div>\n\t\t\t\t\t\t<\/div>\n\t\t\t\t<\/div>\n\t\t\t\t<\/div>\n\t\t<div class=\"elementor-element elementor-element-c8efedd e-con-full e-flex e-con e-child\" data-id=\"c8efedd\" data-element_type=\"container\" data-e-type=\"container\">\n\t\t\t\t<div class=\"elementor-element elementor-element-d243faf elementor-widget elementor-widget-heading\" data-id=\"d243faf\" data-element_type=\"widget\" data-e-type=\"widget\" data-widget_type=\"heading.default\">\n\t\t\t\t<div class=\"elementor-widget-container\">\n\t\t\t\t\t<h2 class=\"elementor-heading-title elementor-size-default\">Inlus<\/h2>\t\t\t\t<\/div>\n\t\t\t\t<\/div>\n\t\t\t\t<\/div>\n\t\t<div class=\"elementor-element elementor-element-4ccc5ba e-con-full e-flex e-con e-child\" data-id=\"4ccc5ba\" data-element_type=\"container\" data-e-type=\"container\">\n\t\t\t\t<div class=\"elementor-element elementor-element-5b80172 elementor-widget elementor-widget-heading\" data-id=\"5b80172\" data-element_type=\"widget\" data-e-type=\"widget\" data-widget_type=\"heading.default\">\n\t\t\t\t<div class=\"elementor-widget-container\">\n\t\t\t\t\t<h2 class=\"elementor-heading-title elementor-size-default\">Non inclus<\/h2>\t\t\t\t<\/div>\n\t\t\t\t<\/div>\n\t\t\t\t<\/div>\n\t\t<div class=\"elementor-element elementor-element-1e45c7d e-con-full e-flex e-con e-child\" data-id=\"1e45c7d\" data-element_type=\"container\" data-e-type=\"container\">\n\t\t\t\t<div class=\"elementor-element elementor-element-5b308ed elementor-widget elementor-widget-text-editor\" data-id=\"5b308ed\" data-element_type=\"widget\" data-e-type=\"widget\" data-widget_type=\"text-editor.default\">\n\t\t\t\t<div class=\"elementor-widget-container\">\n\t\t\t\t\t\t\t\t\t<ul><li style=\"list-style-type: none;\" data-start=\"166\" data-end=\"205\"><ul><li style=\"list-style-type: none;\" data-start=\"166\" data-end=\"205\"><ul><li data-start=\"178\" data-end=\"217\"><p data-start=\"180\" data-end=\"217\">H\u00e9bergement sur le Lagoon 570<\/p><\/li><li data-start=\"218\" data-end=\"256\"><p data-start=\"220\" data-end=\"256\">Service de 2 capitaines professionnels donc un cuisinier<\/p><\/li><li data-start=\"283\" data-end=\"320\"><p data-start=\"285\" data-end=\"320\">Draps et serviettes de bain<\/p><\/li><li data-start=\"321\" data-end=\"364\"><p data-start=\"323\" data-end=\"364\">Mat\u00e9riel de snorkeing, 2 stand up paddle, 1 kayak<\/p><\/li><li data-start=\"365\" data-end=\"402\"><p data-start=\"367\" data-end=\"402\">Annexe motoris\u00e9e (4.50 m \u2013 25 cv)<\/p><\/li><\/ul><\/li><\/ul><\/li><\/ul>\t\t\t\t\t\t\t\t<\/div>\n\t\t\t\t<\/div>\n\t\t\t\t<\/div>\n\t\t<div class=\"elementor-element elementor-element-404756a e-con-full e-flex e-con e-child\" data-id=\"404756a\" data-element_type=\"container\" data-e-type=\"container\">\n\t\t\t\t<div class=\"elementor-element elementor-element-d1858a9 elementor-widget elementor-widget-text-editor\" data-id=\"d1858a9\" data-element_type=\"widget\" data-e-type=\"widget\" data-widget_type=\"text-editor.default\">\n\t\t\t\t<div class=\"elementor-widget-container\">\n\t\t\t\t\t\t\t\t\t<ul data-start=\"20\" data-end=\"571\" data-is-last-node=\"\" data-is-only-node=\"\"><li data-start=\"20\" data-end=\"58\"><p data-start=\"22\" data-end=\"58\">Transfert a\u00e9roport<\/p><\/li><li data-start=\"233\" data-end=\"267\"><p data-start=\"235\" data-end=\"267\">Moteur \u00e9lectrique paddle \u2013 \u20ac40\/j<\/p><\/li><li data-start=\"268\" data-end=\"300\"><p data-start=\"270\" data-end=\"300\">scooter sous marin \u2013 \u20ac40\/j<\/p><\/li><li data-start=\"301\" data-end=\"395\"><p data-start=\"303\" data-end=\"395\">Caisse de bord: \u20ac28\/personne par nuit (couvre carburant, frais de port, parcs nationaux, assurance &#8230;)<\/p><\/li><li data-start=\"396\" data-end=\"414\"><p data-start=\"398\" data-end=\"414\">M\u00e9nage final &#8211; 200\u20ac<\/p><\/li><li>Restaurants \u00e0 terre (optionnels)<\/li><li>Serviette de plage<\/li><\/ul><ul data-start=\"20\" data-end=\"571\" data-is-last-node=\"\" data-is-only-node=\"\"><li data-start=\"527\" data-end=\"571\" data-is-last-node=\"\"><p data-start=\"529\" data-end=\"571\" data-is-last-node=\"\">R\u00e9gimes alimentaires sp\u00e9ciaux: +\u20ac120\/personne<\/p><\/li><\/ul>\t\t\t\t\t\t\t\t<\/div>\n\t\t\t\t<\/div>\n\t\t\t\t<\/div>\n\t\t\t\t\t<\/div>\n\t\t\t\t<\/div>\n\t\t<div class=\"elementor-element elementor-element-6c95819 e-flex e-con-boxed e-con e-parent\" data-id=\"6c95819\" data-element_type=\"container\" data-e-type=\"container\">\n\t\t\t\t\t<div class=\"e-con-inner\">\n\t\t<div class=\"elementor-element elementor-element-4a46fd6 e-con-full e-flex e-con e-child\" data-id=\"4a46fd6\" data-element_type=\"container\" data-e-type=\"container\">\n\t\t\t\t<div class=\"elementor-element elementor-element-1d7e09a elementor-widget elementor-widget-heading\" data-id=\"1d7e09a\" data-element_type=\"widget\" data-e-type=\"widget\" data-widget_type=\"heading.default\">\n\t\t\t\t<div class=\"elementor-widget-container\">\n\t\t\t\t\t<h2 class=\"elementor-heading-title elementor-size-default\">Pricing Conditions<\/h2>\t\t\t\t<\/div>\n\t\t\t\t<\/div>\n\t\t\t\t<\/div>\n\t\t<div class=\"elementor-element elementor-element-8f485b5 e-con-full e-flex e-con e-child\" data-id=\"8f485b5\" data-element_type=\"container\" data-e-type=\"container\">\n\t\t\t\t<div class=\"elementor-element elementor-element-b3d8bc6 elementor-widget elementor-widget-heading\" data-id=\"b3d8bc6\" data-element_type=\"widget\" data-e-type=\"widget\" data-widget_type=\"heading.default\">\n\t\t\t\t<div class=\"elementor-widget-container\">\n\t\t\t\t\t<h2 class=\"elementor-heading-title elementor-size-default\">Additional Information<\/h2>\t\t\t\t<\/div>\n\t\t\t\t<\/div>\n\t\t\t\t<\/div>\n\t\t<div class=\"elementor-element elementor-element-916c7e0 e-con-full e-flex e-con e-child\" data-id=\"916c7e0\" data-element_type=\"container\" data-e-type=\"container\">\n\t\t\t\t<div class=\"elementor-element elementor-element-2e54fb4 elementor-widget elementor-widget-text-editor\" data-id=\"2e54fb4\" data-element_type=\"widget\" data-e-type=\"widget\" data-widget_type=\"text-editor.default\">\n\t\t\t\t<div class=\"elementor-widget-container\">\n\t\t\t\t\t\t\t\t\t<ul><li data-start=\"178\" data-end=\"217\"><p data-start=\"180\" data-end=\"217\"><strong data-start=\"3\" data-end=\"25\">Early Booking \u201310%<\/strong> pour chaque r\u00e9servation 180 jours avant le d\u00e9part avec le code promo <strong data-start=\"103\" data-end=\"116\">EARLYBIRD<\/strong><\/p><\/li><li data-start=\"218\" data-end=\"256\"><p data-start=\"220\" data-end=\"256\"><strong data-start=\"122\" data-end=\"150\">Remise long s\u00e9jour: \u20135%<\/strong> pour une croisi\u00e8re de 2 semaines avec le code <strong data-start=\"187\" data-end=\"197\" data-is-last-node=\"\">2WEEKS <\/strong><em>(non cumulable)<\/em><\/p><\/li><\/ul>\t\t\t\t\t\t\t\t<\/div>\n\t\t\t\t<\/div>\n\t\t\t\t<\/div>\n\t\t<div class=\"elementor-element elementor-element-7c5c70a e-con-full e-flex e-con e-child\" data-id=\"7c5c70a\" data-element_type=\"container\" data-e-type=\"container\">\n\t\t\t\t<div class=\"elementor-element elementor-element-3b17f21 elementor-widget elementor-widget-text-editor\" data-id=\"3b17f21\" data-element_type=\"widget\" data-e-type=\"widget\" data-widget_type=\"text-editor.default\">\n\t\t\t\t<div class=\"elementor-widget-container\">\n\t\t\t\t\t\t\t\t\t<p data-start=\"180\" data-end=\"217\">\u00a0<\/p><ul><li style=\"list-style-type: none;\"><ul><li data-start=\"218\" data-end=\"256\"><p data-start=\"220\" data-end=\"256\"><strong data-start=\"278\" data-end=\"285\">Age minmum: 6 ans. Nous contacter sous cet \u00e2ge<\/strong><\/p><\/li><\/ul><\/li><\/ul>\t\t\t\t\t\t\t\t<\/div>\n\t\t\t\t<\/div>\n\t\t\t\t<\/div>\n\t\t\t\t\t<\/div>\n\t\t\t\t<\/div>\n\t\t\t\t<\/div>\n\t\t","protected":false},"excerpt":{"rendered":"<p data-start=\"0\" data-end=\"198\">R\u00e9servez votre voyage exclusif.<br data-start=\"67\" data-end=\"70\" data-is-only-node=\"\" \/>\u00c9quipage complet \u00e0 bord (capitaine, second, chef) \u2013 Vivez une exp\u00e9rience sur mesure alliant confort et libert\u00e9 en mer.<\/p>\n<p data-start=\"200\" data-end=\"407\">Le catamaran et son \u00e9quipage, bas\u00e9s \u00e0 La Ciotat, dans le sud de la France, proposent des d\u00e9parts depuis La Ciotat, Ajaccio, Figari (Corse-du-Sud) ou Olbia (Sardaigne), selon l\u2019itin\u00e9raire que vous choisissez.<\/p>\n<p data-start=\"409\" data-end=\"552\" data-is-last-node=\"\" data-is-only-node=\"\">Pendant la saison hivernale, des croisi\u00e8res priv\u00e9es sont \u00e9galement propos\u00e9es aux Cara\u00efbes, avec le m\u00eame niveau de service et de confort \u00e0 bord.<\/p>","protected":false},"featured_media":2021,"comment_status":"open","ping_status":"closed","template":"","meta":{"site-sidebar-layout":"no-sidebar","site-content-layout":"page-builder","ast-site-content-layout":"full-width-container","site-content-style":"default","site-sidebar-style":"default","ast-global-header-display":"","ast-banner-title-visibility":"","ast-main-header-display":"","ast-hfb-above-header-display":"","ast-hfb-below-header-display":"","ast-hfb-mobile-header-display":"","site-post-title":"","ast-breadcrumbs-content":"","ast-featured-img":"disabled","footer-sml-layout":"","ast-disable-related-posts":"","theme-transparent-header-meta":"default","adv-header-id-meta":"","stick-header-meta":"","header-above-stick-meta":"","header-main-stick-meta":"","header-below-stick-meta":"","astra-migrate-meta-layouts":"set","ast-page-background-enabled":"default","ast-page-background-meta":{"desktop":{"background-color":"","background-image":"","background-repeat":"repeat","background-position":"center center","background-size":"auto","background-attachment":"scroll","background-type":"","background-media":"","overlay-type":"","overlay-color":"","overlay-opacity":"","overlay-gradient":""},"tablet":{"background-color":"","background-image":"","background-repeat":"repeat","background-position":"center center","background-size":"auto","background-attachment":"scroll","background-type":"","background-media":"","overlay-type":"","overlay-color":"","overlay-opacity":"","overlay-gradient":""},"mobile":{"background-color":"","background-image":"","background-repeat":"repeat","background-position":"center center","background-size":"auto","background-attachment":"scroll","background-type":"","background-media":"","overlay-type":"","overlay-color":"","overlay-opacity":"","overlay-gradient":""}},"ast-content-background-meta":{"desktop":{"background-color":"var(--ast-global-color-5)","background-image":"","background-repeat":"repeat","background-position":"center center","background-size":"auto","background-attachment":"scroll","background-type":"","background-media":"","overlay-type":"","overlay-color":"","overlay-opacity":"","overlay-gradient":""},"tablet":{"background-color":"var(--ast-global-color-5)","background-image":"","background-repeat":"repeat","background-position":"center center","background-size":"auto","background-attachment":"scroll","background-type":"","background-media":"","overlay-type":"","overlay-color":"","overlay-opacity":"","overlay-gradient":""},"mobile":{"background-color":"var(--ast-global-color-5)","background-image":"","background-repeat":"repeat","background-position":"center center","background-size":"auto","background-attachment":"scroll","background-type":"","background-media":"","overlay-type":"","overlay-color":"","overlay-opacity":"","overlay-gradient":""}}},"product_brand":[],"product_cat":[20],"product_tag":[],"class_list":{"0":"post-1261","1":"product","2":"type-product","3":"status-publish","4":"has-post-thumbnail","6":"product_cat-privatisation","7":"desktop-align-center","8":"tablet-align-left","9":"mobile-align-left","11":"first","12":"instock","13":"virtual","14":"sold-individually","15":"purchasable","16":"product-type-booking"},"jetpack_sharing_enabled":true,"_links":{"self":[{"href":"https:\/\/sabine-sailing.com\/en\/wp-json\/wp\/v2\/product\/1261","targetHints":{"allow":["GET"]}}],"collection":[{"href":"https:\/\/sabine-sailing.com\/en\/wp-json\/wp\/v2\/product"}],"about":[{"href":"https:\/\/sabine-sailing.com\/en\/wp-json\/wp\/v2\/types\/product"}],"replies":[{"embeddable":true,"href":"https:\/\/sabine-sailing.com\/en\/wp-json\/wp\/v2\/comments?post=1261"}],"version-history":[{"count":42,"href":"https:\/\/sabine-sailing.com\/en\/wp-json\/wp\/v2\/product\/1261\/revisions"}],"predecessor-version":[{"id":1761,"href":"https:\/\/sabine-sailing.com\/en\/wp-json\/wp\/v2\/product\/1261\/revisions\/1761"}],"wp:featuredmedia":[{"embeddable":true,"href":"https:\/\/sabine-sailing.com\/en\/wp-json\/wp\/v2\/media\/2021"}],"wp:attachment":[{"href":"https:\/\/sabine-sailing.com\/en\/wp-json\/wp\/v2\/media?parent=1261"}],"wp:term":[{"taxonomy":"product_brand","embeddable":true,"href":"https:\/\/sabine-sailing.com\/en\/wp-json\/wp\/v2\/product_brand?post=1261"},{"taxonomy":"product_cat","embeddable":true,"href":"https:\/\/sabine-sailing.com\/en\/wp-json\/wp\/v2\/product_cat?post=1261"},{"taxonomy":"product_tag","embeddable":true,"href":"https:\/\/sabine-sailing.com\/en\/wp-json\/wp\/v2\/product_tag?post=1261"}],"curies":[{"name":"wp","href":"https:\/\/api.w.org\/{rel}","templated":true}]}}