{"id":1369,"date":"2025-12-25T13:05:27","date_gmt":"2025-12-25T12:05:27","guid":{"rendered":"https:\/\/sabine-sailing.com\/?post_type=product&#038;p=1369"},"modified":"2026-02-23T09:28:14","modified_gmt":"2026-02-23T08:28:14","slug":"traversee-transatlantique-catamaran-novembre-2026","status":"publish","type":"product","link":"https:\/\/sabine-sailing.com\/en\/product\/traversee-transatlantique-catamaran-novembre-2026\/","title":{"rendered":"Atlantic crossing November 2026"},"content":{"rendered":"<div data-elementor-type=\"wp-post\" data-elementor-id=\"1369\" class=\"elementor elementor-1369\">\n\t\t\t\t<div class=\"elementor-element elementor-element-71ef45c e-flex e-con-boxed e-con e-parent\" data-id=\"71ef45c\" data-element_type=\"container\" data-e-type=\"container\">\n\t\t\t\t\t<div class=\"e-con-inner\">\n\t\t\t\t<div class=\"elementor-element elementor-element-414f78dd elementor-widget elementor-widget-text-editor\" data-id=\"414f78dd\" data-element_type=\"widget\" data-e-type=\"widget\" data-widget_type=\"text-editor.default\">\n\t\t\t\t<div class=\"elementor-widget-container\">\n\t\t\t\t\t\t\t\t\t<span style=\"color: #212529; font-family: 'Source Sans Pro', sans-serif; font-size: 14px; background-color: #ffffff;\">Embarquez \u00e0 bord de ce magnifique Lagoon 570 fraichement r\u00e9nov\u00e9 pour une aventure transatlantique catamaran \u00e0 travers l&rsquo;Atlantique fin 2026 ! Ce catamaran de 17 m\u00e8tres par 9 m\u00e8tres dispose de 5 cabines doubles et d&rsquo;autant de salles d&rsquo;eaux \/ WC, d&rsquo;une cuisine tout \u00e9quip\u00e9e (2025) et d&rsquo;un magnifique salon entre les coques pour se relaxer, travailler les cartes ou simplement lire un livre ou regarder la t\u00e9l\u00e9 !<\/span><br style=\"color: #212529; font-family: 'Source Sans Pro', sans-serif; font-size: 14px;\" \/><span style=\"color: #212529; font-family: 'Source Sans Pro', sans-serif; font-size: 14px; background-color: #ffffff;\">Le navire est enregistr\u00e9 au commerce du pavillon Fran\u00e7ais en cat\u00e9gorie 1 (illimit\u00e9) afin de garantir la s\u00e9curit\u00e9 des passagers et de l&rsquo;\u00e9quipage pour cette exp\u00e9dition transatlantique catamaran ! Les cabines passagers comprenent: 1 cabine double avec lit partag\u00e9 (obligation de r\u00e9server la cabine enti\u00e8re) et 1 cabine avec deux lits superpos\u00e9s \u00e0 partager afin que les personnes voyageant seules puissent r\u00e9server une seule place.<\/span><br style=\"color: #212529; font-family: 'Source Sans Pro', sans-serif; font-size: 14px;\" \/><br style=\"color: #212529; font-family: 'Source Sans Pro', sans-serif; font-size: 14px;\" \/><span style=\"color: #212529; font-family: 'Source Sans Pro', sans-serif; font-size: 14px; background-color: #ffffff;\">L&rsquo;\u00e9quipage de son c\u00f4t\u00e9 est compos\u00e9 de L\u00e9a et Victor, marins Fran\u00e7ais professionnels titulaires de brev\u00eats de Capitaine 500UMS et Capitaine 200 voile ayant \u00e0 leur actif plusieurs travers\u00e9es Atlantiques, incluant des travers\u00e9es en transatlantique catamaran.<\/span><br style=\"color: #212529; font-family: 'Source Sans Pro', sans-serif; font-size: 14px;\" \/><br style=\"color: #212529; font-family: 'Source Sans Pro', sans-serif; font-size: 14px;\" \/><span style=\"color: #212529; font-family: 'Source Sans Pro', sans-serif; font-size: 14px; background-color: #ffffff;\">Le tarif de 3850 \u20ac par personne comprend votre place \u00e0 bord, carburant et nourriture, il n&rsquo;y a rien d&rsquo;autre \u00e0 pr\u00e9voir. Vous aurez la possibilit\u00e9 (ou pas) de participer aux quarts avec l&rsquo;\u00e9quipage professionnel si vous souhaitez d\u00e9couvrir cette partie de leur m\u00e9tier, mais rien ne vous y oblige.<\/span><br style=\"color: #212529; font-family: 'Source Sans Pro', sans-serif; font-size: 14px;\" \/><br style=\"color: #212529; font-family: 'Source Sans Pro', sans-serif; font-size: 14px;\" \/><span style=\"color: #212529; font-family: 'Source Sans Pro', sans-serif; font-size: 14px; background-color: #ffffff;\">N&rsquo;h\u00e9sitez pas \u00e0 nous contacter pour plus d&rsquo;informations sur cette travers\u00e9e transatlantique catamaran.<\/span>\t\t\t\t\t\t\t\t<\/div>\n\t\t\t\t<\/div>\n\t\t\t\t<div class=\"elementor-element elementor-element-e0fb7bd elementor-widget elementor-widget-text-editor\" data-id=\"e0fb7bd\" data-element_type=\"widget\" data-e-type=\"widget\" data-widget_type=\"text-editor.default\">\n\t\t\t\t<div class=\"elementor-widget-container\">\n\t\t\t\t\t\t\t\t\t<p><span style=\"color: #212529; font-family: 'Source Sans Pro', sans-serif; font-size: 14px; background-color: #ffffff;\">Cette aventure en transatlantique catamaran vous permettra de d\u00e9couvrir la beaut\u00e9 de l&rsquo;Atlantique tout en vous offrant un confort in\u00e9gal\u00e9 \u00e0 bord de notre catamaran.<\/span><\/p>\t\t\t\t\t\t\t\t<\/div>\n\t\t\t\t<\/div>\n\t\t\t\t\t<\/div>\n\t\t\t\t<\/div>\n\t\t<div class=\"elementor-element elementor-element-1255597 e-flex e-con-boxed e-con e-parent\" data-id=\"1255597\" data-element_type=\"container\" data-e-type=\"container\">\n\t\t\t\t\t<div class=\"e-con-inner\">\n\t\t\t\t<div class=\"elementor-element elementor-element-45fba12 elementor-widget elementor-widget-image\" data-id=\"45fba12\" data-element_type=\"widget\" data-e-type=\"widget\" data-widget_type=\"image.default\">\n\t\t\t\t<div class=\"elementor-widget-container\">\n\t\t\t\t\t\t\t\t\t\t\t\t\t\t\t<img fetchpriority=\"high\" decoding=\"async\" width=\"1024\" height=\"716\" src=\"https:\/\/sabine-sailing.com\/wp-content\/uploads\/2025\/12\/transatlantique2023-1024x716.jpg\" class=\"attachment-large size-large wp-image-1370\" alt=\"\" srcset=\"https:\/\/sabine-sailing.com\/wp-content\/uploads\/2025\/12\/transatlantique2023-1024x716.jpg 1024w, https:\/\/sabine-sailing.com\/wp-content\/uploads\/2025\/12\/transatlantique2023-300x210.jpg 300w, https:\/\/sabine-sailing.com\/wp-content\/uploads\/2025\/12\/transatlantique2023-768x537.jpg 768w, https:\/\/sabine-sailing.com\/wp-content\/uploads\/2025\/12\/transatlantique2023-18x12.jpg 18w, https:\/\/sabine-sailing.com\/wp-content\/uploads\/2025\/12\/transatlantique2023-600x420.jpg 600w, https:\/\/sabine-sailing.com\/wp-content\/uploads\/2025\/12\/transatlantique2023.jpg 1498w\" sizes=\"(max-width: 1024px) 100vw, 1024px\" \/>\t\t\t\t\t\t\t\t\t\t\t\t\t\t\t<\/div>\n\t\t\t\t<\/div>\n\t\t\t\t\t<\/div>\n\t\t\t\t<\/div>\n\t\t<div class=\"elementor-element elementor-element-6153011 e-flex e-con-boxed e-con e-parent\" data-id=\"6153011\" data-element_type=\"container\" data-e-type=\"container\">\n\t\t\t\t\t<div class=\"e-con-inner\">\n\t\t\t\t\t<\/div>\n\t\t\t\t<\/div>\n\t\t<div class=\"elementor-element elementor-element-65fdff2 e-flex e-con-boxed e-con e-parent\" data-id=\"65fdff2\" data-element_type=\"container\" data-e-type=\"container\">\n\t\t\t\t\t<div class=\"e-con-inner\">\n\t\t\t\t<div class=\"elementor-element elementor-element-4a4d7e9 elementor-widget elementor-widget-text-editor\" data-id=\"4a4d7e9\" data-element_type=\"widget\" data-e-type=\"widget\" data-widget_type=\"text-editor.default\">\n\t\t\t\t<div class=\"elementor-widget-container\">\n\t\t\t\t\t\t\t\t\t<p><span style=\"color: #212529; font-family: 'Source Sans Pro', sans-serif; font-size: 14px; background-color: #ffffff;\">Le programme est suceptible d&rsquo;\u00eatre modifi\u00e9 selon les conditions m\u00e9t\u00e9o mais en g\u00e9n\u00e9ral:<\/span><br style=\"color: #212529; font-family: 'Source Sans Pro', sans-serif; font-size: 14px;\" \/><br style=\"color: #212529; font-family: 'Source Sans Pro', sans-serif; font-size: 14px;\" \/><span style=\"color: #212529; font-family: 'Source Sans Pro', sans-serif; font-size: 14px; background-color: #ffffff;\">&#8211; Embarquement le 5 novembre \u00e0 Las Palmas de Gran Canaria et pr\u00e9sentation du navire et son \u00e9quipage pour cette travers\u00e9e transatlantique catamaran<\/span><br style=\"color: #212529; font-family: 'Source Sans Pro', sans-serif; font-size: 14px;\" \/><span style=\"color: #212529; font-family: 'Source Sans Pro', sans-serif; font-size: 14px; background-color: #ffffff;\">&#8211; Brieffing g\u00e9n\u00e9ral, avitaillement et brieffing de s\u00e9curit\u00e9 le 6 novembre<\/span><br style=\"color: #212529; font-family: 'Source Sans Pro', sans-serif; font-size: 14px;\" \/><span style=\"color: #212529; font-family: 'Source Sans Pro', sans-serif; font-size: 14px; background-color: #ffffff;\">&#8211; Appareillage pour le Cap Vert le 7 novembre<\/span><br style=\"color: #212529; font-family: 'Source Sans Pro', sans-serif; font-size: 14px;\" \/><span style=\"color: #212529; font-family: 'Source Sans Pro', sans-serif; font-size: 14px; background-color: #ffffff;\">&#8211; Arriv\u00e9e Marina de Mindelo autour du 14 novembre apr\u00e8s 7j de mer<\/span><br style=\"color: #212529; font-family: 'Source Sans Pro', sans-serif; font-size: 14px;\" \/><span style=\"color: #212529; font-family: 'Source Sans Pro', sans-serif; font-size: 14px; background-color: #ffffff;\">&#8211; Visite de Mindelo, avitaillement, brieffing et appareillage pour la Guadeloupe le 17 novembre<\/span><br style=\"color: #212529; font-family: 'Source Sans Pro', sans-serif; font-size: 14px;\" \/><span style=\"color: #212529; font-family: 'Source Sans Pro', sans-serif; font-size: 14px; background-color: #ffffff;\">&#8211; D\u00e9barquement \u00e0 Pointe \u00e0 Pitre autour du 5 D\u00e9cembre apr\u00e8s plus ou moins 15j de mer<\/span><\/p>\t\t\t\t\t\t\t\t<\/div>\n\t\t\t\t<\/div>\n\t\t\t\t\t<\/div>\n\t\t\t\t<\/div>\n\t\t\t\t<\/div>","protected":false},"excerpt":{"rendered":"<p>Embarquez \u00e0 bord de ce magnifique Lagoon 570 fraichement r\u00e9nov\u00e9 pour une aventure transatlantique catamaran \u00e0 travers l&rsquo;Atlantique fin 2026 ! Ce catamaran de 17 m\u00e8tres par 9 m\u00e8tres dispose de 5 cabines doubles et d&rsquo;autant de salles d&rsquo;eaux \/ WC, d&rsquo;une cuisine tout \u00e9quip\u00e9e (2025) et d&rsquo;un magnifique salon entre les coques pour se [&hellip;]<\/p>\n","protected":false},"featured_media":1792,"comment_status":"open","ping_status":"closed","template":"","meta":{"site-sidebar-layout":"default","site-content-layout":"","ast-site-content-layout":"default","site-content-style":"default","site-sidebar-style":"default","ast-global-header-display":"","ast-banner-title-visibility":"","ast-main-header-display":"","ast-hfb-above-header-display":"","ast-hfb-below-header-display":"","ast-hfb-mobile-header-display":"","site-post-title":"","ast-breadcrumbs-content":"","ast-featured-img":"","footer-sml-layout":"","ast-disable-related-posts":"","theme-transparent-header-meta":"default","adv-header-id-meta":"","stick-header-meta":"","header-above-stick-meta":"","header-main-stick-meta":"","header-below-stick-meta":"","astra-migrate-meta-layouts":"set","ast-page-background-enabled":"default","ast-page-background-meta":{"desktop":{"background-color":"","background-image":"","background-repeat":"repeat","background-position":"center center","background-size":"auto","background-attachment":"scroll","background-type":"","background-media":"","overlay-type":"","overlay-color":"","overlay-opacity":"","overlay-gradient":""},"tablet":{"background-color":"","background-image":"","background-repeat":"repeat","background-position":"center center","background-size":"auto","background-attachment":"scroll","background-type":"","background-media":"","overlay-type":"","overlay-color":"","overlay-opacity":"","overlay-gradient":""},"mobile":{"background-color":"","background-image":"","background-repeat":"repeat","background-position":"center center","background-size":"auto","background-attachment":"scroll","background-type":"","background-media":"","overlay-type":"","overlay-color":"","overlay-opacity":"","overlay-gradient":""}},"ast-content-background-meta":{"desktop":{"background-color":"var(--ast-global-color-5)","background-image":"","background-repeat":"repeat","background-position":"center center","background-size":"auto","background-attachment":"scroll","background-type":"","background-media":"","overlay-type":"","overlay-color":"","overlay-opacity":"","overlay-gradient":""},"tablet":{"background-color":"var(--ast-global-color-5)","background-image":"","background-repeat":"repeat","background-position":"center center","background-size":"auto","background-attachment":"scroll","background-type":"","background-media":"","overlay-type":"","overlay-color":"","overlay-opacity":"","overlay-gradient":""},"mobile":{"background-color":"var(--ast-global-color-5)","background-image":"","background-repeat":"repeat","background-position":"center center","background-size":"auto","background-attachment":"scroll","background-type":"","background-media":"","overlay-type":"","overlay-color":"","overlay-opacity":"","overlay-gradient":""}}},"product_brand":[],"product_cat":[18],"product_tag":[],"class_list":{"0":"post-1369","1":"product","2":"type-product","3":"status-publish","4":"has-post-thumbnail","6":"product_cat-non-classe","7":"desktop-align-center","8":"tablet-align-left","9":"mobile-align-left","11":"first","12":"instock","13":"virtual","14":"sold-individually","15":"purchasable","16":"product-type-booking"},"jetpack_sharing_enabled":true,"_links":{"self":[{"href":"https:\/\/sabine-sailing.com\/en\/wp-json\/wp\/v2\/product\/1369","targetHints":{"allow":["GET"]}}],"collection":[{"href":"https:\/\/sabine-sailing.com\/en\/wp-json\/wp\/v2\/product"}],"about":[{"href":"https:\/\/sabine-sailing.com\/en\/wp-json\/wp\/v2\/types\/product"}],"replies":[{"embeddable":true,"href":"https:\/\/sabine-sailing.com\/en\/wp-json\/wp\/v2\/comments?post=1369"}],"version-history":[{"count":20,"href":"https:\/\/sabine-sailing.com\/en\/wp-json\/wp\/v2\/product\/1369\/revisions"}],"predecessor-version":[{"id":1789,"href":"https:\/\/sabine-sailing.com\/en\/wp-json\/wp\/v2\/product\/1369\/revisions\/1789"}],"wp:featuredmedia":[{"embeddable":true,"href":"https:\/\/sabine-sailing.com\/en\/wp-json\/wp\/v2\/media\/1792"}],"wp:attachment":[{"href":"https:\/\/sabine-sailing.com\/en\/wp-json\/wp\/v2\/media?parent=1369"}],"wp:term":[{"taxonomy":"product_brand","embeddable":true,"href":"https:\/\/sabine-sailing.com\/en\/wp-json\/wp\/v2\/product_brand?post=1369"},{"taxonomy":"product_cat","embeddable":true,"href":"https:\/\/sabine-sailing.com\/en\/wp-json\/wp\/v2\/product_cat?post=1369"},{"taxonomy":"product_tag","embeddable":true,"href":"https:\/\/sabine-sailing.com\/en\/wp-json\/wp\/v2\/product_tag?post=1369"}],"curies":[{"name":"wp","href":"https:\/\/api.w.org\/{rel}","templated":true}]}}