{"id":1497,"date":"2026-02-13T09:11:41","date_gmt":"2026-02-13T08:11:41","guid":{"rendered":"https:\/\/sabine-sailing.com\/?post_type=product&#038;p=1497"},"modified":"2026-04-20T19:31:20","modified_gmt":"2026-04-20T17:31:20","slug":"privatisation-journee-catamaran-la-ciotat","status":"publish","type":"product","link":"https:\/\/sabine-sailing.com\/en\/product\/privatisation-journee-catamaran-la-ciotat\/","title":{"rendered":"Private Catamaran Day Charter"},"content":{"rendered":"<div data-elementor-type=\"wp-post\" data-elementor-id=\"1497\" class=\"elementor elementor-1497\">\n\t\t\t\t<div class=\"elementor-element elementor-element-94e8152 e-flex e-con-boxed e-con e-parent\" data-id=\"94e8152\" data-element_type=\"container\" data-e-type=\"container\">\n\t\t\t\t\t<div class=\"e-con-inner\">\n\t\t<div class=\"elementor-element elementor-element-99d23cd e-con-full e-flex e-con e-child\" data-id=\"99d23cd\" data-element_type=\"container\" data-e-type=\"container\">\n\t\t\t\t<div class=\"elementor-element elementor-element-0b14386 elementor-widget elementor-widget-heading\" data-id=\"0b14386\" data-element_type=\"widget\" data-e-type=\"widget\" data-widget_type=\"heading.default\">\n\t\t\t\t<div class=\"elementor-widget-container\">\n\t\t\t\t\t<h2 class=\"elementor-heading-title elementor-size-default\">Private Catamaran Day Charter<\/h2>\t\t\t\t<\/div>\n\t\t\t\t<\/div>\n\t\t\t\t<\/div>\n\t\t<div class=\"elementor-element elementor-element-dc24e12 e-con-full e-flex e-con e-child\" data-id=\"dc24e12\" data-element_type=\"container\" data-e-type=\"container\">\n\t\t\t\t<div class=\"elementor-element elementor-element-1035cd9 elementor-widget elementor-widget-text-editor\" data-id=\"1035cd9\" data-element_type=\"widget\" data-e-type=\"widget\" data-widget_type=\"text-editor.default\">\n\t\t\t\t<div class=\"elementor-widget-container\">\n\t\t\t\t\t\t\t\t\t<p data-start=\"460\" data-end=\"613\">Treat yourself to an exceptional day at sea aboard the Lagoon 570 Sabine, a 17-meter catamaran designed for comfort, conviviality, and escape.<\/p><p data-start=\"615\" data-end=\"798\">Enjoy a private experience entirely dedicated to your group: sailing, swimming in turquoise waters, and discovering the most beautiful anchorages of the Mediterranean.<\/p><p data-start=\"800\" data-end=\"939\">Departure from <span class=\"hover:entity-accent entity-underline inline cursor-pointer align-baseline\"><span class=\"whitespace-normal\">La Ciotat<\/span><\/span> \u2014 let the wind carry you and enjoy an unforgettable day between sea and sunshine.<\/p>\t\t\t\t\t\t\t\t<\/div>\n\t\t\t\t<\/div>\n\t\t\t\t<div class=\"elementor-element elementor-element-a82352a elementor-widget elementor-widget-heading\" data-id=\"a82352a\" data-element_type=\"widget\" data-e-type=\"widget\" data-widget_type=\"heading.default\">\n\t\t\t\t<div class=\"elementor-widget-container\">\n\t\t\t\t\t<h2 class=\"elementor-heading-title elementor-size-default\">Your day at sea<\/h2>\t\t\t\t<\/div>\n\t\t\t\t<\/div>\n\t\t\t\t<div class=\"elementor-element elementor-element-9002288 elementor-widget elementor-widget-text-editor\" data-id=\"9002288\" data-element_type=\"widget\" data-e-type=\"widget\" data-widget_type=\"text-editor.default\">\n\t\t\t\t<div class=\"elementor-widget-container\">\n\t\t\t\t\t\t\t\t\t<p data-start=\"971\" data-end=\"1104\">Step aboard for a timeless escape on a spacious catamaran 9.50 m wide, offering approximately 155 m\u00b2 of living space.<\/p><p data-start=\"1106\" data-end=\"1232\">Gentle sailing, swimming breaks, aperitifs facing the open sea\u2026 each day is tailored to your group\u2019s pace and wishes.<\/p><p data-start=\"1234\" data-end=\"1365\">Whether you are seeking relaxation or adventure, everything is designed to experience the Mediterranean differently, in an exclusive and comfortable setting.<\/p>\t\t\t\t\t\t\t\t<\/div>\n\t\t\t\t<\/div>\n\t\t\t\t<\/div>\n\t\t\t\t\t<\/div>\n\t\t\t\t<\/div>\n\t\t<div class=\"elementor-element elementor-element-89854f5 e-flex e-con-boxed e-con e-parent\" data-id=\"89854f5\" data-element_type=\"container\" data-e-type=\"container\">\n\t\t\t\t\t<div class=\"e-con-inner\">\n\t\t<div class=\"elementor-element elementor-element-8959040 e-con-full e-flex e-con e-child\" data-id=\"8959040\" data-element_type=\"container\" data-e-type=\"container\">\n\t\t\t\t<div class=\"elementor-element elementor-element-ac1a5b0 elementor-widget elementor-widget-heading\" data-id=\"ac1a5b0\" data-element_type=\"widget\" data-e-type=\"widget\" data-widget_type=\"heading.default\">\n\t\t\t\t<div class=\"elementor-widget-container\">\n\t\t\t\t\t<h2 class=\"elementor-heading-title elementor-size-default\">Possible itineraries<\/h2>\t\t\t\t<\/div>\n\t\t\t\t<\/div>\n\t\t\t\t<div class=\"elementor-element elementor-element-8f31ae7 elementor-widget__width-initial elementor-widget elementor-widget-text-editor\" data-id=\"8f31ae7\" data-element_type=\"widget\" data-e-type=\"widget\" data-widget_type=\"text-editor.default\">\n\t\t\t\t<div class=\"elementor-widget-container\">\n\t\t\t\t\t\t\t\t\t<p data-start=\"1398\" data-end=\"1484\">Depending on the weather and your preferences, several destinations are possible for a day trip:<\/p><ul data-start=\"1486\" data-end=\"1715\"><li data-start=\"1486\" data-end=\"1552\"><p data-start=\"1488\" data-end=\"1552\"><span class=\"hover:entity-accent entity-underline inline cursor-pointer align-baseline\"><span class=\"whitespace-normal\">Porquerolles<\/span><\/span> and its crystal-clear waters<\/p><\/li><li data-start=\"1553\" data-end=\"1594\"><p data-start=\"1555\" data-end=\"1594\"><span class=\"hover:entity-accent entity-underline inline cursor-pointer align-baseline\"><span class=\"whitespace-normal\">Embiez islands<\/span><\/span><\/p><\/li><li data-start=\"1595\" data-end=\"1660\"><p data-start=\"1597\" data-end=\"1660\"><span class=\"hover:entity-accent entity-underline inline cursor-pointer align-baseline\"><span class=\"whitespace-normal\">Port d'Alon creek<\/span><\/span> and its wild coves<\/p><\/li><li data-start=\"1661\" data-end=\"1715\"><p data-start=\"1663\" data-end=\"1715\">The calanques and coastline between Provence and the Var region<\/p><\/li><\/ul><p data-start=\"1717\" data-end=\"1805\">Each outing is unique, guided by the weather and the search for the most beautiful anchorages.<\/p>\t\t\t\t\t\t\t\t<\/div>\n\t\t\t\t<\/div>\n\t\t\t\t<div class=\"elementor-element elementor-element-54d9450 elementor-widget elementor-widget-heading\" data-id=\"54d9450\" data-element_type=\"widget\" data-e-type=\"widget\" data-widget_type=\"heading.default\">\n\t\t\t\t<div class=\"elementor-widget-container\">\n\t\t\t\t\t<h2 class=\"elementor-heading-title elementor-size-default\">Onboard activities<\/h2>\t\t\t\t<\/div>\n\t\t\t\t<\/div>\n\t\t\t\t<div class=\"elementor-element elementor-element-967002e elementor-widget__width-initial elementor-widget elementor-widget-text-editor\" data-id=\"967002e\" data-element_type=\"widget\" data-e-type=\"widget\" data-widget_type=\"text-editor.default\">\n\t\t\t\t<div class=\"elementor-widget-container\">\n\t\t\t\t\t\t\t\t\t<p data-start=\"1833\" data-end=\"1897\">Make the most of your day with the included equipment:<\/p><ul data-start=\"1899\" data-end=\"2070\"><li data-start=\"1899\" data-end=\"1912\"><p data-start=\"1901\" data-end=\"1912\">2 stand up paddles<\/p><\/li><li data-start=\"1913\" data-end=\"1939\"><p data-start=\"1915\" data-end=\"1939\">2 underwater scooters<\/p><\/li><li data-start=\"1940\" data-end=\"1993\"><p data-start=\"1942\" data-end=\"1993\">4.50m tender with 25hp engine<\/p><\/li><li data-start=\"1994\" data-end=\"2070\"><p data-start=\"1996\" data-end=\"2070\">Stand up paddle electric motor for a noise-free calanques exploration<\/p><\/li><\/ul><p data-start=\"2072\" data-end=\"2141\">Between sailing, swimming, and exploration, everyone finds their own pace.<\/p>\t\t\t\t\t\t\t\t<\/div>\n\t\t\t\t<\/div>\n\t\t\t\t<div class=\"elementor-element elementor-element-3ac29e2 elementor-widget elementor-widget-heading\" data-id=\"3ac29e2\" data-element_type=\"widget\" data-e-type=\"widget\" data-widget_type=\"heading.default\">\n\t\t\t\t<div class=\"elementor-widget-container\">\n\t\t\t\t\t<h2 class=\"elementor-heading-title elementor-size-default\">Ideal for your private events<\/h2>\t\t\t\t<\/div>\n\t\t\t\t<\/div>\n\t\t\t\t<div class=\"elementor-element elementor-element-535fc00 elementor-widget__width-initial elementor-widget elementor-widget-text-editor\" data-id=\"535fc00\" data-element_type=\"widget\" data-e-type=\"widget\" data-widget_type=\"text-editor.default\">\n\t\t\t\t<div class=\"elementor-widget-container\">\n\t\t\t\t\t\t\t\t\t<p data-start=\"2185\" data-end=\"2234\">Private chartering the catamaran is perfect for:<\/p><ul data-start=\"2236\" data-end=\"2375\"><li data-start=\"2236\" data-end=\"2251\"><p data-start=\"2238\" data-end=\"2251\">Bachelor and bachelorette parties<\/p><\/li><li data-start=\"2252\" data-end=\"2292\"><p data-start=\"2254\" data-end=\"2292\">Birthdays and days out with friends<\/p><\/li><li data-start=\"2293\" data-end=\"2312\"><p data-start=\"2295\" data-end=\"2312\">Family outings<\/p><\/li><li data-start=\"2313\" data-end=\"2344\"><p data-start=\"2315\" data-end=\"2344\">team building<\/p><\/li><li data-start=\"2345\" data-end=\"2375\"><p data-start=\"2347\" data-end=\"2375\">tailor made events<\/p><\/li><\/ul><p data-start=\"2377\" data-end=\"2461\">The sea naturally creates a friendly atmosphere and unforgettable shared memories.<\/p>\t\t\t\t\t\t\t\t<\/div>\n\t\t\t\t<\/div>\n\t\t\t\t<div class=\"elementor-element elementor-element-a6558d7 elementor-widget elementor-widget-heading\" data-id=\"a6558d7\" data-element_type=\"widget\" data-e-type=\"widget\" data-widget_type=\"heading.default\">\n\t\t\t\t<div class=\"elementor-widget-container\">\n\t\t\t\t\t<h2 class=\"elementor-heading-title elementor-size-default\">What's included<\/h2>\t\t\t\t<\/div>\n\t\t\t\t<\/div>\n\t\t\t\t<div class=\"elementor-element elementor-element-77eec8d elementor-widget__width-initial elementor-widget elementor-widget-text-editor\" data-id=\"77eec8d\" data-element_type=\"widget\" data-e-type=\"widget\" data-widget_type=\"text-editor.default\">\n\t\t\t\t<div class=\"elementor-widget-container\">\n\t\t\t\t\t\t\t\t\t<ul><li data-start=\"2490\" data-end=\"2528\"><p data-start=\"2492\" data-end=\"2528\">Private Charter of the Lagoon 570 Sabine<\/p><\/li><li data-start=\"2529\" data-end=\"2555\"><p data-start=\"2531\" data-end=\"2555\">Professionnal crew<\/p><\/li><li data-start=\"2556\" data-end=\"2581\"><p data-start=\"2558\" data-end=\"2581\">Sailing<\/p><\/li><li data-start=\"2582\" data-end=\"2627\"><p data-start=\"2584\" data-end=\"2627\">Fuel for the day\u2019s itinerary<\/p><\/li><li data-start=\"2628\" data-end=\"2692\"><p data-start=\"2630\" data-end=\"2692\">Water sports equipment (paddleboards, underwater scooters, tender)<\/p><\/li><\/ul>\t\t\t\t\t\t\t\t<\/div>\n\t\t\t\t<\/div>\n\t\t\t\t<div class=\"elementor-element elementor-element-8ba99dc elementor-widget elementor-widget-heading\" data-id=\"8ba99dc\" data-element_type=\"widget\" data-e-type=\"widget\" data-widget_type=\"heading.default\">\n\t\t\t\t<div class=\"elementor-widget-container\">\n\t\t\t\t\t<h2 class=\"elementor-heading-title elementor-size-default\">Additional Information<\/h2>\t\t\t\t<\/div>\n\t\t\t\t<\/div>\n\t\t\t\t<div class=\"elementor-element elementor-element-cf50e65 elementor-widget__width-initial elementor-widget elementor-widget-text-editor\" data-id=\"cf50e65\" data-element_type=\"widget\" data-e-type=\"widget\" data-widget_type=\"text-editor.default\">\n\t\t\t\t<div class=\"elementor-widget-container\">\n\t\t\t\t\t\t\t\t\t<ul data-start=\"2732\" data-end=\"2873\"><li data-start=\"2732\" data-end=\"2782\"><p data-start=\"2734\" data-end=\"2782\">Departure: <span class=\"hover:entity-accent entity-underline inline cursor-pointer align-baseline\"><span class=\"whitespace-normal\">La Ciotat or elsewhere between Marseille and Toulon<\/span><\/span><\/p><\/li><li data-start=\"2783\" data-end=\"2815\"><p data-start=\"2785\" data-end=\"2815\">Tailor-made private day charter<\/p><\/li><li data-start=\"2816\" data-end=\"2873\"><p data-start=\"2818\" data-end=\"2873\">Program adaptable according to weather conditions and group preferences<\/p><\/li><\/ul>\t\t\t\t\t\t\t\t<\/div>\n\t\t\t\t<\/div>\n\t\t\t\t<div class=\"elementor-element elementor-element-71bd878 elementor-widget elementor-widget-heading\" data-id=\"71bd878\" data-element_type=\"widget\" data-e-type=\"widget\" data-widget_type=\"heading.default\">\n\t\t\t\t<div class=\"elementor-widget-container\">\n\t\t\t\t\t<h2 class=\"elementor-heading-title elementor-size-default\">Une journ\u00e9e inoubliable en M\u00e9diterran\u00e9e<\/h2>\t\t\t\t<\/div>\n\t\t\t\t<\/div>\n\t\t\t\t<div class=\"elementor-element elementor-element-6786f63 elementor-widget__width-initial elementor-widget elementor-widget-text-editor\" data-id=\"6786f63\" data-element_type=\"widget\" data-e-type=\"widget\" data-widget_type=\"text-editor.default\">\n\t\t\t\t<div class=\"elementor-widget-container\">\n\t\t\t\t\t\t\t\t\t<p data-start=\"2924\" data-end=\"3093\">Discover the freedom of a privately chartered catamaran and enjoy a unique experience combining sailing, relaxation, and exploration of the most beautiful landscapes along the Mediterranean coast.<\/p>\t\t\t\t\t\t\t\t<\/div>\n\t\t\t\t<\/div>\n\t\t\t\t<\/div>\n\t\t<div class=\"elementor-element elementor-element-af6575a e-con-full e-flex e-con e-child\" data-id=\"af6575a\" data-element_type=\"container\" data-e-type=\"container\">\n\t\t<div class=\"elementor-element elementor-element-26ba613 e-con-full e-flex e-con e-child\" data-id=\"26ba613\" data-element_type=\"container\" data-e-type=\"container\">\n\t\t\t\t<div class=\"elementor-element elementor-element-a45fe7c elementor-widget elementor-widget-image\" data-id=\"a45fe7c\" data-element_type=\"widget\" data-e-type=\"widget\" data-widget_type=\"image.default\">\n\t\t\t\t<div class=\"elementor-widget-container\">\n\t\t\t\t\t\t\t\t\t\t\t\t\t\t\t<img fetchpriority=\"high\" decoding=\"async\" width=\"1024\" height=\"767\" src=\"https:\/\/sabine-sailing.com\/wp-content\/uploads\/2025\/10\/aegean-sea-coast-with-blue-transparent-water-greenery-around-rocks-bushes-trees-view-from-drone-greece-1024x767.jpg\" class=\"attachment-large size-large wp-image-1254\" alt=\"\" srcset=\"https:\/\/sabine-sailing.com\/wp-content\/uploads\/2025\/10\/aegean-sea-coast-with-blue-transparent-water-greenery-around-rocks-bushes-trees-view-from-drone-greece-1024x767.jpg 1024w, https:\/\/sabine-sailing.com\/wp-content\/uploads\/2025\/10\/aegean-sea-coast-with-blue-transparent-water-greenery-around-rocks-bushes-trees-view-from-drone-greece-300x225.jpg 300w, https:\/\/sabine-sailing.com\/wp-content\/uploads\/2025\/10\/aegean-sea-coast-with-blue-transparent-water-greenery-around-rocks-bushes-trees-view-from-drone-greece-768x575.jpg 768w, https:\/\/sabine-sailing.com\/wp-content\/uploads\/2025\/10\/aegean-sea-coast-with-blue-transparent-water-greenery-around-rocks-bushes-trees-view-from-drone-greece-1536x1150.jpg 1536w, https:\/\/sabine-sailing.com\/wp-content\/uploads\/2025\/10\/aegean-sea-coast-with-blue-transparent-water-greenery-around-rocks-bushes-trees-view-from-drone-greece-2048x1534.jpg 2048w, https:\/\/sabine-sailing.com\/wp-content\/uploads\/2025\/10\/aegean-sea-coast-with-blue-transparent-water-greenery-around-rocks-bushes-trees-view-from-drone-greece-16x12.jpg 16w, https:\/\/sabine-sailing.com\/wp-content\/uploads\/2025\/10\/aegean-sea-coast-with-blue-transparent-water-greenery-around-rocks-bushes-trees-view-from-drone-greece-600x449.jpg 600w\" sizes=\"(max-width: 1024px) 100vw, 1024px\" \/>\t\t\t\t\t\t\t\t\t\t\t\t\t\t\t<\/div>\n\t\t\t\t<\/div>\n\t\t\t\t<div class=\"elementor-element elementor-element-9c77669 elementor-widget elementor-widget-image\" data-id=\"9c77669\" data-element_type=\"widget\" data-e-type=\"widget\" data-widget_type=\"image.default\">\n\t\t\t\t<div class=\"elementor-widget-container\">\n\t\t\t\t\t\t\t\t\t\t\t\t\t\t\t<img decoding=\"async\" width=\"1024\" height=\"576\" src=\"https:\/\/sabine-sailing.com\/wp-content\/uploads\/2026\/02\/dji_fly_20260226_135556_43_1772110593977_photo_optimized-1024x576.jpg\" class=\"attachment-large size-large wp-image-1863\" alt=\"\" srcset=\"https:\/\/sabine-sailing.com\/wp-content\/uploads\/2026\/02\/dji_fly_20260226_135556_43_1772110593977_photo_optimized-1024x576.jpg 1024w, https:\/\/sabine-sailing.com\/wp-content\/uploads\/2026\/02\/dji_fly_20260226_135556_43_1772110593977_photo_optimized-300x169.jpg 300w, https:\/\/sabine-sailing.com\/wp-content\/uploads\/2026\/02\/dji_fly_20260226_135556_43_1772110593977_photo_optimized-768x432.jpg 768w, https:\/\/sabine-sailing.com\/wp-content\/uploads\/2026\/02\/dji_fly_20260226_135556_43_1772110593977_photo_optimized-1536x864.jpg 1536w, https:\/\/sabine-sailing.com\/wp-content\/uploads\/2026\/02\/dji_fly_20260226_135556_43_1772110593977_photo_optimized-2048x1152.jpg 2048w, https:\/\/sabine-sailing.com\/wp-content\/uploads\/2026\/02\/dji_fly_20260226_135556_43_1772110593977_photo_optimized-18x10.jpg 18w, https:\/\/sabine-sailing.com\/wp-content\/uploads\/2026\/02\/dji_fly_20260226_135556_43_1772110593977_photo_optimized-600x338.jpg 600w\" sizes=\"(max-width: 1024px) 100vw, 1024px\" \/>\t\t\t\t\t\t\t\t\t\t\t\t\t\t\t<\/div>\n\t\t\t\t<\/div>\n\t\t\t\t<div class=\"elementor-element elementor-element-8805368 elementor-widget elementor-widget-image\" data-id=\"8805368\" data-element_type=\"widget\" data-e-type=\"widget\" data-widget_type=\"image.default\">\n\t\t\t\t<div class=\"elementor-widget-container\">\n\t\t\t\t\t\t\t\t\t\t\t\t\t\t\t<img decoding=\"async\" src=\"https:\/\/sabine-sailing.com\/wp-content\/uploads\/elementor\/thumbs\/sunset-6532878_1280-rd6h7071bqiul6182o4kmqjqksanitbemfwqgovr6g.jpg\" title=\"sunset-6532878_1280\" alt=\"sunset-6532878_1280\" loading=\"lazy\" \/>\t\t\t\t\t\t\t\t\t\t\t\t\t\t\t<\/div>\n\t\t\t\t<\/div>\n\t\t\t\t<\/div>\n\t\t\t\t<\/div>\n\t\t\t\t\t<\/div>\n\t\t\t\t<\/div>\n\t\t<div class=\"elementor-element elementor-element-4cb184d e-flex e-con-boxed e-con e-parent\" data-id=\"4cb184d\" data-element_type=\"container\" data-e-type=\"container\">\n\t\t\t\t\t<div class=\"e-con-inner\">\n\t\t\t\t<div class=\"elementor-element elementor-element-93e5cf0 elementor-widget elementor-widget-google_maps\" data-id=\"93e5cf0\" data-element_type=\"widget\" data-e-type=\"widget\" data-widget_type=\"google_maps.default\">\n\t\t\t\t<div class=\"elementor-widget-container\">\n\t\t\t\t\t\t\t<div class=\"elementor-custom-embed\">\n\t\t\t<iframe loading=\"lazy\"\n\t\t\t\t\tsrc=\"https:\/\/maps.google.com\/maps?q=La%20ciotat%2C%20france&#038;t=m&#038;z=12&#038;output=embed&#038;iwloc=near\"\n\t\t\t\t\ttitle=\"La ciotat, france\"\n\t\t\t\t\taria-label=\"La ciotat, france\"\n\t\t\t><\/iframe>\n\t\t<\/div>\n\t\t\t\t\t\t<\/div>\n\t\t\t\t<\/div>\n\t\t\t\t\t<\/div>\n\t\t\t\t<\/div>\n\t\t\t\t<\/div>","protected":false},"excerpt":{"rendered":"<p>Offrez-vous une journ\u00e9e priv\u00e9e en catamaran pour un EVG, EVJF, s\u00e9minaire, comit\u00e9 d&rsquo;entreprise, ou \u00e9v\u00e9nement entre amis.<\/p>\n<p>Navigation, baignades, paddle, scooters sous marin, kayak, ap\u00e9ro et moments inoubliables dans un cadre exceptionnel, avec \u00e9quipage professionnel. Jusqu\u2019\u00e0 12 passagers pour une exp\u00e9rience conviviale et sur mesure en M\u00e9diterran\u00e9e<\/p>","protected":false},"featured_media":1420,"comment_status":"open","ping_status":"closed","template":"","meta":{"site-sidebar-layout":"no-sidebar","site-content-layout":"page-builder","ast-site-content-layout":"full-width-container","site-content-style":"default","site-sidebar-style":"default","ast-global-header-display":"","ast-banner-title-visibility":"","ast-main-header-display":"","ast-hfb-above-header-display":"","ast-hfb-below-header-display":"","ast-hfb-mobile-header-display":"","site-post-title":"","ast-breadcrumbs-content":"","ast-featured-img":"disabled","footer-sml-layout":"","ast-disable-related-posts":"","theme-transparent-header-meta":"default","adv-header-id-meta":"","stick-header-meta":"","header-above-stick-meta":"","header-main-stick-meta":"","header-below-stick-meta":"","astra-migrate-meta-layouts":"set","ast-page-background-enabled":"default","ast-page-background-meta":{"desktop":{"background-color":"","background-image":"","background-repeat":"repeat","background-position":"center center","background-size":"auto","background-attachment":"scroll","background-type":"","background-media":"","overlay-type":"","overlay-color":"","overlay-opacity":"","overlay-gradient":""},"tablet":{"background-color":"","background-image":"","background-repeat":"repeat","background-position":"center center","background-size":"auto","background-attachment":"scroll","background-type":"","background-media":"","overlay-type":"","overlay-color":"","overlay-opacity":"","overlay-gradient":""},"mobile":{"background-color":"","background-image":"","background-repeat":"repeat","background-position":"center center","background-size":"auto","background-attachment":"scroll","background-type":"","background-media":"","overlay-type":"","overlay-color":"","overlay-opacity":"","overlay-gradient":""}},"ast-content-background-meta":{"desktop":{"background-color":"var(--ast-global-color-5)","background-image":"","background-repeat":"repeat","background-position":"center center","background-size":"auto","background-attachment":"scroll","background-type":"","background-media":"","overlay-type":"","overlay-color":"","overlay-opacity":"","overlay-gradient":""},"tablet":{"background-color":"var(--ast-global-color-5)","background-image":"","background-repeat":"repeat","background-position":"center center","background-size":"auto","background-attachment":"scroll","background-type":"","background-media":"","overlay-type":"","overlay-color":"","overlay-opacity":"","overlay-gradient":""},"mobile":{"background-color":"var(--ast-global-color-5)","background-image":"","background-repeat":"repeat","background-position":"center center","background-size":"auto","background-attachment":"scroll","background-type":"","background-media":"","overlay-type":"","overlay-color":"","overlay-opacity":"","overlay-gradient":""}}},"product_brand":[],"product_cat":[18],"product_tag":[],"class_list":{"0":"post-1497","1":"product","2":"type-product","3":"status-publish","4":"has-post-thumbnail","6":"product_cat-non-classe","7":"desktop-align-center","8":"tablet-align-left","9":"mobile-align-left","11":"first","12":"instock","13":"virtual","14":"sold-individually","15":"purchasable","16":"product-type-booking"},"jetpack_sharing_enabled":true,"_links":{"self":[{"href":"https:\/\/sabine-sailing.com\/en\/wp-json\/wp\/v2\/product\/1497","targetHints":{"allow":["GET"]}}],"collection":[{"href":"https:\/\/sabine-sailing.com\/en\/wp-json\/wp\/v2\/product"}],"about":[{"href":"https:\/\/sabine-sailing.com\/en\/wp-json\/wp\/v2\/types\/product"}],"replies":[{"embeddable":true,"href":"https:\/\/sabine-sailing.com\/en\/wp-json\/wp\/v2\/comments?post=1497"}],"version-history":[{"count":8,"href":"https:\/\/sabine-sailing.com\/en\/wp-json\/wp\/v2\/product\/1497\/revisions"}],"predecessor-version":[{"id":1866,"href":"https:\/\/sabine-sailing.com\/en\/wp-json\/wp\/v2\/product\/1497\/revisions\/1866"}],"wp:featuredmedia":[{"embeddable":true,"href":"https:\/\/sabine-sailing.com\/en\/wp-json\/wp\/v2\/media\/1420"}],"wp:attachment":[{"href":"https:\/\/sabine-sailing.com\/en\/wp-json\/wp\/v2\/media?parent=1497"}],"wp:term":[{"taxonomy":"product_brand","embeddable":true,"href":"https:\/\/sabine-sailing.com\/en\/wp-json\/wp\/v2\/product_brand?post=1497"},{"taxonomy":"product_cat","embeddable":true,"href":"https:\/\/sabine-sailing.com\/en\/wp-json\/wp\/v2\/product_cat?post=1497"},{"taxonomy":"product_tag","embeddable":true,"href":"https:\/\/sabine-sailing.com\/en\/wp-json\/wp\/v2\/product_tag?post=1497"}],"curies":[{"name":"wp","href":"https:\/\/api.w.org\/{rel}","templated":true}]}}